{"id":103596,"date":"2025-11-04T17:53:50","date_gmt":"2025-11-04T16:53:50","guid":{"rendered":"https:\/\/www.nacc.gov.al\/?page_id=103596"},"modified":"2025-11-04T17:56:16","modified_gmt":"2025-11-04T16:56:16","slug":"documents-2","status":"publish","type":"page","link":"https:\/\/nacc.gov.al\/en\/documents-2\/","title":{"rendered":"Documents"},"content":{"rendered":"<p>[et_pb_section fb_built=&#8221;1&#8243; module_class=&#8221;molti-blog-list-section&#8221; _builder_version=&#8221;4.21.0&#8243; _module_preset=&#8221;default&#8221; custom_padding=&#8221;1px||80px|||&#8221; da_disable_devices=&#8221;off|off|off&#8221; locked=&#8221;off&#8221; global_colors_info=&#8221;{}&#8221; da_is_popup=&#8221;off&#8221; da_exit_intent=&#8221;off&#8221; da_has_close=&#8221;on&#8221; da_alt_close=&#8221;off&#8221; da_dark_close=&#8221;off&#8221; da_not_modal=&#8221;on&#8221; da_is_singular=&#8221;off&#8221; da_with_loader=&#8221;off&#8221; da_has_shadow=&#8221;on&#8221;][et_pb_row use_custom_gutter=&#8221;on&#8221; gutter_width=&#8221;2&#8243; _builder_version=&#8221;4.25.1&#8243; _module_preset=&#8221;default&#8221; max_width=&#8221;90%&#8221; global_colors_info=&#8221;{}&#8221;][et_pb_column type=&#8221;4_4&#8243; _builder_version=&#8221;4.21.0&#8243; _module_preset=&#8221;default&#8221; global_colors_info=&#8221;{}&#8221;][et_pb_divider color=&#8221;#f4f4f4&#8243; divider_position=&#8221;center&#8221; divider_weight=&#8221;9px&#8221; _builder_version=&#8221;4.25.1&#8243; _module_preset=&#8221;default&#8221; global_colors_info=&#8221;{}&#8221;][\/et_pb_divider][et_pb_text _builder_version=&#8221;4.27.2&#8243; _module_preset=&#8221;default&#8221; header_font=&#8221;Exo 2|600|||||||&#8221; header_text_color=&#8221;gcid-body-color&#8221; header_font_size=&#8221;28px&#8221; custom_margin=&#8221;||0px|||&#8221; custom_padding=&#8221;||25px||false|false&#8221; global_colors_info=&#8221;{%22gcid-body-color%22:%91%22header_text_color%22%93}&#8221;]<\/p>\n<h1 class=\"wpr-archive-title\">Documents<\/h1>\n<hr \/>\n<ul>\n<li><a href=\"http:\/\/134.0.43.78\/wp-content\/uploads\/2025\/11\/Gender-Equality-Plan-EN.pdf\" rel=\"attachment wp-att-103594\">Gender Equality Plan 2025-2027 for the National Cannabis Control Agency with no. 415\/1 prot, dated 04.11.2025<\/a><\/li>\n<\/ul>\n<p>[\/et_pb_text][et_pb_text disabled_on=&#8221;on|on|on&#8221; _builder_version=&#8221;4.27.2&#8243; _module_preset=&#8221;default&#8221; text_font=&#8221;|800||on|||||&#8221; text_text_color=&#8221;#E13719&#8243; disabled=&#8221;on&#8221; locked=&#8221;off&#8221; global_colors_info=&#8221;{}&#8221;]<\/p>\n<hr \/>\n<p>Afati i aplikimeve p\u00ebr pozicionet e m\u00ebposhtme shtyhet deri m\u00eb 22.8.2025, ora 14.00<\/p>\n<hr \/>\n<p>[\/et_pb_text][et_pb_text disabled_on=&#8221;on|on|on&#8221; _builder_version=&#8221;4.27.2&#8243; _module_preset=&#8221;default&#8221; text_font=&#8221;|800||on|||||&#8221; text_text_color=&#8221;#E13719&#8243; disabled=&#8221;on&#8221; locked=&#8221;off&#8221; global_colors_info=&#8221;{}&#8221;]<\/p>\n<hr \/>\n<p>Afati i aplikimit t\u00eb shpalljeve m\u00eb posht\u00eb mbaron n\u00eb dat\u00ebn 27.03.2025.<\/p>\n<hr \/>\n<p>[\/et_pb_text][et_pb_text disabled_on=&#8221;on|on|on&#8221; _builder_version=&#8221;4.27.2&#8243; _module_preset=&#8221;default&#8221; text_font=&#8221;|800||on|||||&#8221; text_text_color=&#8221;#E13719&#8243; disabled=&#8221;on&#8221; locked=&#8221;off&#8221; global_colors_info=&#8221;{}&#8221;]<\/p>\n<hr \/>\n<p>Afati i aplikimeve p\u00ebr pozicionet e m\u00ebposhtme shtyhet deri m\u00eb 22.8.2025, ora 14.00<\/p>\n<hr \/>\n<p>[\/et_pb_text][et_pb_divider color=&#8221;#f4f4f4&#8243; divider_position=&#8221;center&#8221; divider_weight=&#8221;9px&#8221; _builder_version=&#8221;4.25.1&#8243; _module_preset=&#8221;default&#8221; global_colors_info=&#8221;{}&#8221;][\/et_pb_divider][\/et_pb_column][\/et_pb_row][\/et_pb_section]<\/p>\n","protected":false},"excerpt":{"rendered":"<p>Documents Gender Equality Plan 2025-2027 for the National Cannabis Control Agency with no. 415\/1 prot, dated 04.11.2025 Afati i aplikimeve p\u00ebr pozicionet e m\u00ebposhtme shtyhet deri m\u00eb 22.8.2025, ora 14.00 Afati i aplikimit t\u00eb shpalljeve m\u00eb posht\u00eb mbaron n\u00eb dat\u00ebn 27.03.2025. Afati i aplikimeve p\u00ebr pozicionet e m\u00ebposhtme shtyhet deri m\u00eb 22.8.2025, ora 14.00<\/p>\n","protected":false},"author":4,"featured_media":0,"parent":0,"menu_order":0,"comment_status":"closed","ping_status":"closed","template":"","meta":{"_et_pb_use_builder":"on","_et_pb_old_content":"","_et_gb_content_width":"","_monsterinsights_skip_tracking":false,"_monsterinsights_sitenote_active":false,"_monsterinsights_sitenote_note":"","_monsterinsights_sitenote_category":0,"_uf_show_specific_survey":0,"_uf_disable_surveys":false,"footnotes":""},"class_list":["post-103596","page","type-page","status-publish","hentry"],"yoast_head":"<!-- This site is optimized with the Yoast SEO plugin v26.8 - https:\/\/yoast.com\/product\/yoast-seo-wordpress\/ -->\n<title>Documents - Agjencia Komb\u00ebtare e Kontrollit t\u00eb Cannabis-it<\/title>\n<meta name=\"robots\" content=\"index, follow, max-snippet:-1, max-image-preview:large, max-video-preview:-1\" \/>\n<link rel=\"canonical\" href=\"http:\/\/134.0.43.78\/en\/documents-2\/\" \/>\n<meta property=\"og:locale\" content=\"en_US\" \/>\n<meta property=\"og:type\" content=\"article\" \/>\n<meta property=\"og:title\" content=\"Documents - Agjencia Komb\u00ebtare e Kontrollit t\u00eb Cannabis-it\" \/>\n<meta property=\"og:description\" content=\"Documents Gender Equality Plan 2025-2027 for the National Cannabis Control Agency with no. 415\/1 prot, dated 04.11.2025 Afati i aplikimeve p\u00ebr pozicionet e m\u00ebposhtme shtyhet deri m\u00eb 22.8.2025, ora 14.00 Afati i aplikimit t\u00eb shpalljeve m\u00eb posht\u00eb mbaron n\u00eb dat\u00ebn 27.03.2025. Afati i aplikimeve p\u00ebr pozicionet e m\u00ebposhtme shtyhet deri m\u00eb 22.8.2025, ora 14.00\" \/>\n<meta property=\"og:url\" content=\"http:\/\/134.0.43.78\/en\/documents-2\/\" \/>\n<meta property=\"og:site_name\" content=\"Agjencia Komb\u00ebtare e Kontrollit t\u00eb Cannabis-it\" \/>\n<meta property=\"article:publisher\" content=\"http:\/\/facebook.com\/people\/Agjencia-Kombtare-e-Kontrollit-t-Cannabis-it\/61572459426646\/\" \/>\n<meta property=\"article:modified_time\" content=\"2025-11-04T16:56:16+00:00\" \/>\n<meta name=\"twitter:card\" content=\"summary_large_image\" \/>\n<meta name=\"twitter:label1\" content=\"Est. reading time\" \/>\n\t<meta name=\"twitter:data1\" content=\"1 minute\" \/>\n<script type=\"application\/ld+json\" class=\"yoast-schema-graph\">{\"@context\":\"https:\/\/schema.org\",\"@graph\":[{\"@type\":\"WebPage\",\"@id\":\"http:\/\/134.0.43.78\/en\/documents-2\/\",\"url\":\"http:\/\/134.0.43.78\/en\/documents-2\/\",\"name\":\"Documents - Agjencia Komb\u00ebtare e Kontrollit t\u00eb Cannabis-it\",\"isPartOf\":{\"@id\":\"http:\/\/134.0.43.78\/#website\"},\"datePublished\":\"2025-11-04T16:53:50+00:00\",\"dateModified\":\"2025-11-04T16:56:16+00:00\",\"breadcrumb\":{\"@id\":\"http:\/\/134.0.43.78\/en\/documents-2\/#breadcrumb\"},\"inLanguage\":\"en-US\",\"potentialAction\":[{\"@type\":\"ReadAction\",\"target\":[\"http:\/\/134.0.43.78\/en\/documents-2\/\"]}]},{\"@type\":\"BreadcrumbList\",\"@id\":\"http:\/\/134.0.43.78\/en\/documents-2\/#breadcrumb\",\"itemListElement\":[{\"@type\":\"ListItem\",\"position\":1,\"name\":\"Home\",\"item\":\"http:\/\/134.0.43.78\/en\/\"},{\"@type\":\"ListItem\",\"position\":2,\"name\":\"Documents\"}]},{\"@type\":\"WebSite\",\"@id\":\"http:\/\/134.0.43.78\/#website\",\"url\":\"http:\/\/134.0.43.78\/\",\"name\":\"Agjencia Komb\u00ebtare e Kontrollit t\u00eb Cannabis-it\",\"description\":\"Offical Website\",\"potentialAction\":[{\"@type\":\"SearchAction\",\"target\":{\"@type\":\"EntryPoint\",\"urlTemplate\":\"http:\/\/134.0.43.78\/?s={search_term_string}\"},\"query-input\":{\"@type\":\"PropertyValueSpecification\",\"valueRequired\":true,\"valueName\":\"search_term_string\"}}],\"inLanguage\":\"en-US\"}]}<\/script>\n<!-- \/ Yoast SEO plugin. -->","yoast_head_json":{"title":"Documents - Agjencia Komb\u00ebtare e Kontrollit t\u00eb Cannabis-it","robots":{"index":"index","follow":"follow","max-snippet":"max-snippet:-1","max-image-preview":"max-image-preview:large","max-video-preview":"max-video-preview:-1"},"canonical":"http:\/\/134.0.43.78\/en\/documents-2\/","og_locale":"en_US","og_type":"article","og_title":"Documents - Agjencia Komb\u00ebtare e Kontrollit t\u00eb Cannabis-it","og_description":"Documents Gender Equality Plan 2025-2027 for the National Cannabis Control Agency with no. 415\/1 prot, dated 04.11.2025 Afati i aplikimeve p\u00ebr pozicionet e m\u00ebposhtme shtyhet deri m\u00eb 22.8.2025, ora 14.00 Afati i aplikimit t\u00eb shpalljeve m\u00eb posht\u00eb mbaron n\u00eb dat\u00ebn 27.03.2025. Afati i aplikimeve p\u00ebr pozicionet e m\u00ebposhtme shtyhet deri m\u00eb 22.8.2025, ora 14.00","og_url":"http:\/\/134.0.43.78\/en\/documents-2\/","og_site_name":"Agjencia Komb\u00ebtare e Kontrollit t\u00eb Cannabis-it","article_publisher":"http:\/\/facebook.com\/people\/Agjencia-Kombtare-e-Kontrollit-t-Cannabis-it\/61572459426646\/","article_modified_time":"2025-11-04T16:56:16+00:00","twitter_card":"summary_large_image","twitter_misc":{"Est. reading time":"1 minute"},"schema":{"@context":"https:\/\/schema.org","@graph":[{"@type":"WebPage","@id":"http:\/\/134.0.43.78\/en\/documents-2\/","url":"http:\/\/134.0.43.78\/en\/documents-2\/","name":"Documents - Agjencia Komb\u00ebtare e Kontrollit t\u00eb Cannabis-it","isPartOf":{"@id":"http:\/\/134.0.43.78\/#website"},"datePublished":"2025-11-04T16:53:50+00:00","dateModified":"2025-11-04T16:56:16+00:00","breadcrumb":{"@id":"http:\/\/134.0.43.78\/en\/documents-2\/#breadcrumb"},"inLanguage":"en-US","potentialAction":[{"@type":"ReadAction","target":["http:\/\/134.0.43.78\/en\/documents-2\/"]}]},{"@type":"BreadcrumbList","@id":"http:\/\/134.0.43.78\/en\/documents-2\/#breadcrumb","itemListElement":[{"@type":"ListItem","position":1,"name":"Home","item":"http:\/\/134.0.43.78\/en\/"},{"@type":"ListItem","position":2,"name":"Documents"}]},{"@type":"WebSite","@id":"http:\/\/134.0.43.78\/#website","url":"http:\/\/134.0.43.78\/","name":"Agjencia Komb\u00ebtare e Kontrollit t\u00eb Cannabis-it","description":"Offical Website","potentialAction":[{"@type":"SearchAction","target":{"@type":"EntryPoint","urlTemplate":"http:\/\/134.0.43.78\/?s={search_term_string}"},"query-input":{"@type":"PropertyValueSpecification","valueRequired":true,"valueName":"search_term_string"}}],"inLanguage":"en-US"}]}},"_links":{"self":[{"href":"https:\/\/nacc.gov.al\/en\/wp-json\/wp\/v2\/pages\/103596","targetHints":{"allow":["GET"]}}],"collection":[{"href":"https:\/\/nacc.gov.al\/en\/wp-json\/wp\/v2\/pages"}],"about":[{"href":"https:\/\/nacc.gov.al\/en\/wp-json\/wp\/v2\/types\/page"}],"author":[{"embeddable":true,"href":"https:\/\/nacc.gov.al\/en\/wp-json\/wp\/v2\/users\/4"}],"replies":[{"embeddable":true,"href":"https:\/\/nacc.gov.al\/en\/wp-json\/wp\/v2\/comments?post=103596"}],"version-history":[{"count":5,"href":"https:\/\/nacc.gov.al\/en\/wp-json\/wp\/v2\/pages\/103596\/revisions"}],"predecessor-version":[{"id":103603,"href":"https:\/\/nacc.gov.al\/en\/wp-json\/wp\/v2\/pages\/103596\/revisions\/103603"}],"wp:attachment":[{"href":"https:\/\/nacc.gov.al\/en\/wp-json\/wp\/v2\/media?parent=103596"}],"curies":[{"name":"wp","href":"https:\/\/api.w.org\/{rel}","templated":true}]}}