{"id":101598,"date":"2024-05-19T18:48:01","date_gmt":"2024-05-19T18:48:01","guid":{"rendered":"https:\/\/www.nacc.gov.al\/?page_id=101598"},"modified":"2024-07-18T13:25:04","modified_gmt":"2024-07-18T13:25:04","slug":"organizational-chart","status":"publish","type":"page","link":"https:\/\/nacc.gov.al\/en\/organizational-chart\/","title":{"rendered":"Organizational Chart"},"content":{"rendered":"<p>[et_pb_section fb_built=&#8221;1&#8243; module_class=&#8221;molti-blog-list-section&#8221; _builder_version=&#8221;4.21.0&#8243; _module_preset=&#8221;default&#8221; custom_padding=&#8221;1px||80px|||&#8221; da_disable_devices=&#8221;off|off|off&#8221; locked=&#8221;off&#8221; global_colors_info=&#8221;{}&#8221; da_is_popup=&#8221;off&#8221; da_exit_intent=&#8221;off&#8221; da_has_close=&#8221;on&#8221; da_alt_close=&#8221;off&#8221; da_dark_close=&#8221;off&#8221; da_not_modal=&#8221;on&#8221; da_is_singular=&#8221;off&#8221; da_with_loader=&#8221;off&#8221; da_has_shadow=&#8221;on&#8221;][et_pb_row column_structure=&#8221;3_4,1_4&#8243; use_custom_gutter=&#8221;on&#8221; gutter_width=&#8221;2&#8243; _builder_version=&#8221;4.25.1&#8243; _module_preset=&#8221;default&#8221; max_width=&#8221;90%&#8221; global_colors_info=&#8221;{}&#8221;][et_pb_column type=&#8221;3_4&#8243; _builder_version=&#8221;4.21.0&#8243; _module_preset=&#8221;default&#8221; global_colors_info=&#8221;{}&#8221;][et_pb_divider color=&#8221;#f4f4f4&#8243; divider_position=&#8221;center&#8221; divider_weight=&#8221;9px&#8221; _builder_version=&#8221;4.25.1&#8243; _module_preset=&#8221;default&#8221; global_colors_info=&#8221;{}&#8221;][\/et_pb_divider][et_pb_text _builder_version=&#8221;4.25.1&#8243; _module_preset=&#8221;default&#8221; header_font=&#8221;Exo 2|600|||||||&#8221; header_text_color=&#8221;gcid-body-color&#8221; header_font_size=&#8221;28px&#8221; custom_margin=&#8221;||0px|||&#8221; locked=&#8221;off&#8221; global_colors_info=&#8221;{%22gcid-body-color%22:%91%22header_text_color%22%93}&#8221;]<\/p>\n<h1 class=\"wpr-archive-title\">Organizational Chart<\/h1>\n<hr \/>\n<p><a href=\"http:\/\/134.0.43.78\/wp-content\/uploads\/2024\/07\/Order-no.56-date-5.4.2024-FOR-APPROVAL-OF-THE-STRUCTURE-AND-ORGANIZATION.docx\" rel=\"attachment wp-att-101601\">ORDER Nr.56,date 5.4.2024 FOR APPROVAL OF THE STRUCTURE AND ORGANIZATION OF THE NATIONAL AGENCY FOR CANNABIS CONTROL<\/a>[\/et_pb_text][et_pb_divider color=&#8221;#f4f4f4&#8243; divider_position=&#8221;center&#8221; divider_weight=&#8221;9px&#8221; _builder_version=&#8221;4.25.1&#8243; _module_preset=&#8221;default&#8221; global_colors_info=&#8221;{}&#8221;][\/et_pb_divider][\/et_pb_column][et_pb_column type=&#8221;1_4&#8243; _builder_version=&#8221;4.21.0&#8243; _module_preset=&#8221;default&#8221; background_enable_color=&#8221;off&#8221; custom_padding=&#8221;50px|20px|20px|20px|false|true&#8221; border_radii=&#8221;on|10px|10px|10px|10px&#8221; box_shadow_style=&#8221;preset1&#8243; box_shadow_vertical=&#8221;15px&#8221; box_shadow_blur=&#8221;35px&#8221; box_shadow_color=&#8221;rgba(0,0,0,0.12)&#8221; global_colors_info=&#8221;{}&#8221;][et_pb_text _builder_version=&#8221;4.25.1&#8243; _module_preset=&#8221;default&#8221; header_text_color=&#8221;#3D2B7A&#8221; header_3_text_align=&#8221;left&#8221; header_3_text_color=&#8221;gcid-body-color&#8221; header_3_font_size=&#8221;24px&#8221; custom_margin=&#8221;||25px|||&#8221; custom_padding=&#8221;||||false|true&#8221; locked=&#8221;off&#8221; global_colors_info=&#8221;{%22gcid-body-color%22:%91%22header_3_text_color%22%93}&#8221;]<\/p>\n<div class=\"elementor-element elementor-element-837e2ff elementor-widget elementor-widget-heading\" data-id=\"837e2ff\" data-element_type=\"widget\" data-widget_type=\"heading.default\">\n<div class=\"elementor-widget-container\">\n<h3 class=\"elementor-heading-title elementor-size-default\">About Us<\/h3>\n<hr \/>\n<\/div>\n<\/div>\n<div class=\"elementor-element elementor-element-3e68958 elementor-widget-divider--view-line elementor-widget elementor-widget-divider\" data-id=\"3e68958\" data-element_type=\"widget\" data-widget_type=\"divider.default\">\n<div class=\"elementor-widget-container\">\n<div class=\"elementor-divider\">\u00a0<\/div>\n<\/div>\n<\/div>\n<p>[\/et_pb_text][et_pb_sidebar orientation=&#8221;right&#8221; area=&#8221;et_pb_widget_area_1&#8243; module_class=&#8221;link-effect &#8221; _builder_version=&#8221;4.25.1&#8243; _module_preset=&#8221;default&#8221; header_font=&#8221;||||||||&#8221; body_font=&#8221;|||on|||||&#8221; body_text_color=&#8221;#3D2B7A&#8221; body_letter_spacing=&#8221;2px&#8221; border_color_all=&#8221;#FFFFFF&#8221; locked=&#8221;off&#8221; global_colors_info=&#8221;{%22gcid-b63256f4-ba94-4317-89ed-2532c7ee84f0%22:%91%22body_text_color__hover%22%93}&#8221; body_text_color__hover_enabled=&#8221;on|desktop&#8221; body_text_color__hover=&#8221;#9eaf64&#8243;][\/et_pb_sidebar][\/et_pb_column][\/et_pb_row][\/et_pb_section]<\/p>\n","protected":false},"excerpt":{"rendered":"<p>Organizational Chart ORDER Nr.56,date 5.4.2024 FOR APPROVAL OF THE STRUCTURE AND ORGANIZATION OF THE NATIONAL AGENCY FOR CANNABIS CONTROL About Us \u00a0<\/p>\n","protected":false},"author":4,"featured_media":0,"parent":0,"menu_order":7,"comment_status":"closed","ping_status":"closed","template":"","meta":{"_et_pb_use_builder":"on","_et_pb_old_content":"<p>[et_pb_section fb_built=\"1\" module_class=\"molti-blog-list-section\" _builder_version=\"4.21.0\" _module_preset=\"default\" custom_padding=\"1px||80px|||\" da_disable_devices=\"off|off|off\" locked=\"off\" global_colors_info=\"{}\" da_is_popup=\"off\" da_exit_intent=\"off\" da_has_close=\"on\" da_alt_close=\"off\" da_dark_close=\"off\" da_not_modal=\"on\" da_is_singular=\"off\" da_with_loader=\"off\" da_has_shadow=\"on\"][et_pb_row column_structure=\"3_4,1_4\" use_custom_gutter=\"on\" gutter_width=\"2\" _builder_version=\"4.25.1\" _module_preset=\"default\" max_width=\"90%\" global_colors_info=\"{}\"][et_pb_column type=\"3_4\" _builder_version=\"4.21.0\" _module_preset=\"default\" global_colors_info=\"{}\"][et_pb_divider color=\"#f4f4f4\" divider_position=\"center\" divider_weight=\"9px\" _builder_version=\"4.25.1\" _module_preset=\"default\" global_colors_info=\"{}\"][\/et_pb_divider][et_pb_text _builder_version=\"4.25.1\" _module_preset=\"default\" header_font=\"Exo 2|600|||||||\" header_text_color=\"gcid-body-color\" header_font_size=\"28px\" custom_margin=\"||0px|||\" locked=\"off\" global_colors_info=\"{%22gcid-body-color%22:%91%22header_text_color%22%93}\"]<\/p><h1 class=\"wpr-archive-title\">Organigrama<\/h1><hr \/><p>\u00a0[\/et_pb_text][et_pb_image src=\"http:\/\/134.0.43.78\/wp-content\/uploads\/2024\/06\/organigrama.png\" title_text=\"organigrama\" align=\"center\" _builder_version=\"4.25.1\" _module_preset=\"default\" custom_margin=\"||28px|||\" global_colors_info=\"{}\"][\/et_pb_image][et_pb_text _builder_version=\"4.25.1\" _module_preset=\"default\" hover_enabled=\"0\" global_colors_info=\"{}\" module_class=\"link-effect \" sticky_enabled=\"0\"]<\/p><p><a href=\"http:\/\/134.0.43.78\/wp-content\/uploads\/2024\/06\/Urdher-nr.56-dt-23.02.2024.pdf\" rel=\"attachment wp-att-101107\">Urdh\u00ebr nr.56, dt 05.04.2024, i Kryeministrit - P\u00ebr miratimin e struktur\u00ebs dhe t\u00eb organik\u00ebs s\u00eb Agjencis\u00eb Komb\u00ebtare t\u00eb Kontrollit t\u00eb Cannabis-it<\/a><\/p><p>[\/et_pb_text][et_pb_divider color=\"#f4f4f4\" divider_position=\"center\" divider_weight=\"9px\" _builder_version=\"4.25.1\" _module_preset=\"default\" global_colors_info=\"{}\"][\/et_pb_divider][\/et_pb_column][et_pb_column type=\"1_4\" _builder_version=\"4.21.0\" _module_preset=\"default\" background_enable_color=\"off\" custom_padding=\"50px|20px|20px|20px|false|true\" border_radii=\"on|10px|10px|10px|10px\" box_shadow_style=\"preset1\" box_shadow_vertical=\"15px\" box_shadow_blur=\"35px\" box_shadow_color=\"rgba(0,0,0,0.12)\" global_colors_info=\"{}\"][et_pb_text _builder_version=\"4.25.1\" _module_preset=\"default\" header_text_color=\"#3D2B7A\" header_3_text_align=\"left\" header_3_text_color=\"gcid-body-color\" header_3_font_size=\"24px\" custom_margin=\"||25px|||\" custom_padding=\"||||false|true\" locked=\"off\" global_colors_info=\"{%22gcid-body-color%22:%91%22header_3_text_color%22%93}\"]<\/p><div class=\"elementor-element elementor-element-837e2ff elementor-widget elementor-widget-heading\" data-id=\"837e2ff\" data-element_type=\"widget\" data-widget_type=\"heading.default\"><div class=\"elementor-widget-container\"><h3 class=\"elementor-heading-title elementor-size-default\">Rreth nesh<\/h3><hr \/><\/div><\/div><div class=\"elementor-element elementor-element-3e68958 elementor-widget-divider--view-line elementor-widget elementor-widget-divider\" data-id=\"3e68958\" data-element_type=\"widget\" data-widget_type=\"divider.default\"><div class=\"elementor-widget-container\"><div class=\"elementor-divider\">\u00a0<\/div><\/div><\/div><p>[\/et_pb_text][et_pb_sidebar orientation=\"right\" area=\"et_pb_widget_area_1\" module_class=\"link-effect \" _builder_version=\"4.25.1\" _module_preset=\"default\" header_font=\"||||||||\" body_font=\"|||on|||||\" body_text_color=\"#3D2B7A\" body_letter_spacing=\"2px\" border_color_all=\"#FFFFFF\" locked=\"off\" global_colors_info=\"{%22gcid-b63256f4-ba94-4317-89ed-2532c7ee84f0%22:%91%22body_text_color__hover%22%93}\" body_text_color__hover_enabled=\"on|desktop\" body_text_color__hover=\"#9eaf64\"][\/et_pb_sidebar][\/et_pb_column][\/et_pb_row][\/et_pb_section]<\/p>","_et_gb_content_width":"","_monsterinsights_skip_tracking":false,"_monsterinsights_sitenote_active":false,"_monsterinsights_sitenote_note":"","_monsterinsights_sitenote_category":0,"_uf_show_specific_survey":0,"_uf_disable_surveys":false,"footnotes":""},"class_list":["post-101598","page","type-page","status-publish","hentry"],"yoast_head":"<!-- This site is optimized with the Yoast SEO plugin v26.8 - https:\/\/yoast.com\/product\/yoast-seo-wordpress\/ -->\n<title>Organizational Chart - Agjencia Komb\u00ebtare e Kontrollit t\u00eb Cannabis-it<\/title>\n<meta name=\"robots\" content=\"index, follow, max-snippet:-1, max-image-preview:large, max-video-preview:-1\" \/>\n<link rel=\"canonical\" href=\"http:\/\/134.0.43.78\/organigrama\/\" \/>\n<meta property=\"og:locale\" content=\"en_US\" \/>\n<meta property=\"og:type\" content=\"article\" \/>\n<meta property=\"og:title\" content=\"Organizational Chart - Agjencia Komb\u00ebtare e Kontrollit t\u00eb Cannabis-it\" \/>\n<meta property=\"og:description\" content=\"Organizational Chart ORDER Nr.56,date 5.4.2024 FOR APPROVAL OF THE STRUCTURE AND ORGANIZATION OF THE NATIONAL AGENCY FOR CANNABIS CONTROL About Us \u00a0\" \/>\n<meta property=\"og:url\" content=\"http:\/\/134.0.43.78\/organigrama\/\" \/>\n<meta property=\"og:site_name\" content=\"Agjencia Komb\u00ebtare e Kontrollit t\u00eb Cannabis-it\" \/>\n<meta property=\"article:publisher\" content=\"http:\/\/facebook.com\/people\/Agjencia-Kombtare-e-Kontrollit-t-Cannabis-it\/61572459426646\/\" \/>\n<meta property=\"article:modified_time\" content=\"2024-07-18T13:25:04+00:00\" \/>\n<meta name=\"twitter:card\" content=\"summary_large_image\" \/>\n<meta name=\"twitter:label1\" content=\"Est. reading time\" \/>\n\t<meta name=\"twitter:data1\" content=\"2 minutes\" \/>\n<script type=\"application\/ld+json\" class=\"yoast-schema-graph\">{\"@context\":\"https:\/\/schema.org\",\"@graph\":[{\"@type\":\"WebPage\",\"@id\":\"http:\/\/134.0.43.78\/organigrama\/\",\"url\":\"http:\/\/134.0.43.78\/organigrama\/\",\"name\":\"Organizational Chart - Agjencia Komb\u00ebtare e Kontrollit t\u00eb Cannabis-it\",\"isPartOf\":{\"@id\":\"http:\/\/134.0.43.78\/#website\"},\"datePublished\":\"2024-05-19T18:48:01+00:00\",\"dateModified\":\"2024-07-18T13:25:04+00:00\",\"breadcrumb\":{\"@id\":\"http:\/\/134.0.43.78\/organigrama\/#breadcrumb\"},\"inLanguage\":\"en-US\",\"potentialAction\":[{\"@type\":\"ReadAction\",\"target\":[\"http:\/\/134.0.43.78\/organigrama\/\"]}]},{\"@type\":\"BreadcrumbList\",\"@id\":\"http:\/\/134.0.43.78\/organigrama\/#breadcrumb\",\"itemListElement\":[{\"@type\":\"ListItem\",\"position\":1,\"name\":\"Home\",\"item\":\"http:\/\/134.0.43.78\/en\/\"},{\"@type\":\"ListItem\",\"position\":2,\"name\":\"Organizational Chart\"}]},{\"@type\":\"WebSite\",\"@id\":\"http:\/\/134.0.43.78\/#website\",\"url\":\"http:\/\/134.0.43.78\/\",\"name\":\"Agjencia Komb\u00ebtare e Kontrollit t\u00eb Cannabis-it\",\"description\":\"Offical Website\",\"potentialAction\":[{\"@type\":\"SearchAction\",\"target\":{\"@type\":\"EntryPoint\",\"urlTemplate\":\"http:\/\/134.0.43.78\/?s={search_term_string}\"},\"query-input\":{\"@type\":\"PropertyValueSpecification\",\"valueRequired\":true,\"valueName\":\"search_term_string\"}}],\"inLanguage\":\"en-US\"}]}<\/script>\n<!-- \/ Yoast SEO plugin. -->","yoast_head_json":{"title":"Organizational Chart - Agjencia Komb\u00ebtare e Kontrollit t\u00eb Cannabis-it","robots":{"index":"index","follow":"follow","max-snippet":"max-snippet:-1","max-image-preview":"max-image-preview:large","max-video-preview":"max-video-preview:-1"},"canonical":"http:\/\/134.0.43.78\/organigrama\/","og_locale":"en_US","og_type":"article","og_title":"Organizational Chart - Agjencia Komb\u00ebtare e Kontrollit t\u00eb Cannabis-it","og_description":"Organizational Chart ORDER Nr.56,date 5.4.2024 FOR APPROVAL OF THE STRUCTURE AND ORGANIZATION OF THE NATIONAL AGENCY FOR CANNABIS CONTROL About Us \u00a0","og_url":"http:\/\/134.0.43.78\/organigrama\/","og_site_name":"Agjencia Komb\u00ebtare e Kontrollit t\u00eb Cannabis-it","article_publisher":"http:\/\/facebook.com\/people\/Agjencia-Kombtare-e-Kontrollit-t-Cannabis-it\/61572459426646\/","article_modified_time":"2024-07-18T13:25:04+00:00","twitter_card":"summary_large_image","twitter_misc":{"Est. reading time":"2 minutes"},"schema":{"@context":"https:\/\/schema.org","@graph":[{"@type":"WebPage","@id":"http:\/\/134.0.43.78\/organigrama\/","url":"http:\/\/134.0.43.78\/organigrama\/","name":"Organizational Chart - Agjencia Komb\u00ebtare e Kontrollit t\u00eb Cannabis-it","isPartOf":{"@id":"http:\/\/134.0.43.78\/#website"},"datePublished":"2024-05-19T18:48:01+00:00","dateModified":"2024-07-18T13:25:04+00:00","breadcrumb":{"@id":"http:\/\/134.0.43.78\/organigrama\/#breadcrumb"},"inLanguage":"en-US","potentialAction":[{"@type":"ReadAction","target":["http:\/\/134.0.43.78\/organigrama\/"]}]},{"@type":"BreadcrumbList","@id":"http:\/\/134.0.43.78\/organigrama\/#breadcrumb","itemListElement":[{"@type":"ListItem","position":1,"name":"Home","item":"http:\/\/134.0.43.78\/en\/"},{"@type":"ListItem","position":2,"name":"Organizational Chart"}]},{"@type":"WebSite","@id":"http:\/\/134.0.43.78\/#website","url":"http:\/\/134.0.43.78\/","name":"Agjencia Komb\u00ebtare e Kontrollit t\u00eb Cannabis-it","description":"Offical Website","potentialAction":[{"@type":"SearchAction","target":{"@type":"EntryPoint","urlTemplate":"http:\/\/134.0.43.78\/?s={search_term_string}"},"query-input":{"@type":"PropertyValueSpecification","valueRequired":true,"valueName":"search_term_string"}}],"inLanguage":"en-US"}]}},"_links":{"self":[{"href":"https:\/\/nacc.gov.al\/en\/wp-json\/wp\/v2\/pages\/101598","targetHints":{"allow":["GET"]}}],"collection":[{"href":"https:\/\/nacc.gov.al\/en\/wp-json\/wp\/v2\/pages"}],"about":[{"href":"https:\/\/nacc.gov.al\/en\/wp-json\/wp\/v2\/types\/page"}],"author":[{"embeddable":true,"href":"https:\/\/nacc.gov.al\/en\/wp-json\/wp\/v2\/users\/4"}],"replies":[{"embeddable":true,"href":"https:\/\/nacc.gov.al\/en\/wp-json\/wp\/v2\/comments?post=101598"}],"version-history":[{"count":5,"href":"https:\/\/nacc.gov.al\/en\/wp-json\/wp\/v2\/pages\/101598\/revisions"}],"predecessor-version":[{"id":101606,"href":"https:\/\/nacc.gov.al\/en\/wp-json\/wp\/v2\/pages\/101598\/revisions\/101606"}],"wp:attachment":[{"href":"https:\/\/nacc.gov.al\/en\/wp-json\/wp\/v2\/media?parent=101598"}],"curies":[{"name":"wp","href":"https:\/\/api.w.org\/{rel}","templated":true}]}}